{"id":295,"date":"2017-11-09T14:58:38","date_gmt":"2017-11-09T19:58:38","guid":{"rendered":"http:\/\/wp-master-powergo.eliappwordpress1sto.elisys-servers.ca\/?page_id=295"},"modified":"2023-03-16T19:20:55","modified_gmt":"2023-03-16T23:20:55","slug":"promotions","status":"publish","type":"page","link":"https:\/\/www.gauvreauskidoo.com\/fr\/promotions\/","title":{"rendered":"Promotions"},"content":{"rendered":"<p>Qu&rsquo;y a-t-il de plus excitant que l&rsquo;achat d&rsquo;un nouveau <strong>v\u00e9hicule de sport motoris\u00e9<\/strong>? Se procurer un nouveau bolide en promotion, bien entendu!<\/p>\n<p>Gauvreau Ski-Doo de Sainte-C\u00e9cile-de-Masham se fait un devoir de vous offrir les meilleurs produits sur le march\u00e9 et de vous faire profiter des <strong>promotions<\/strong> les plus all\u00e9chantes. Plus que tout, nous voulons que vous puissiez pratiquer vos sports motoris\u00e9s favoris sans toujours avoir \u00e0 vous soucier de la facture.<\/p>\n<div class=\"textMore\">\n<p>Que ce soit pour un <a href=\"https:\/\/www.gauvreauskidoo.com\/fr\/vtt\/\">v\u00e9hicule neuf<\/a> ou d&rsquo;<a href=\"https:\/\/www.gauvreauskidoo.com\/fr\/produits-occasion\/\">occasion<\/a>, nos <a href=\"https:\/\/www.gauvreauskidoo.com\/fr\/service-apres-vente\/\">services d&rsquo;entretien<\/a> ou pour des <a href=\"https:\/\/www.gauvreauskidoo.com\/fr\/pieces\/\">pi\u00e8ces et accessoires<\/a>, vous trouverez des promotions couvrant tous nos d\u00e9partements au fil de l&rsquo;ann\u00e9e. Faites de <strong>grandes \u00e9conomies<\/strong> et profitez d&rsquo;offres exclusives!<\/p>\n<p>Vous avez une question concernant l&rsquo;une de nos promotions? <a href=\"https:\/\/www.gauvreauskidoo.com\/fr\/contact\/\">Communiquez avec notre service \u00e0 la client\u00e8le<\/a>. Un membre de notre \u00e9quipe pourra y r\u00e9pondre avec joie.<\/p>\n<\/div>\n","protected":false},"excerpt":{"rendered":"<p>Qu&rsquo;y a-t-il de plus excitant que l&rsquo;achat d&rsquo;un nouveau v\u00e9hicule de sport motoris\u00e9? Se procurer un nouveau bolide en promotion, bien entendu! Gauvreau Ski-Doo de Sainte-C\u00e9cile-de-Masham se fait un devoir de vous offrir les meilleurs produits sur le march\u00e9 et de vous faire profiter des promotions les plus all\u00e9chantes. Plus que tout, nous voulons que &hellip; <a href=\"https:\/\/www.gauvreauskidoo.com\/fr\/promotions\/\">Suite<\/a><\/p>\n","protected":false},"author":1,"featured_media":0,"parent":0,"menu_order":0,"comment_status":"closed","ping_status":"closed","template":"template-listing-promotions.php","meta":[],"acf":{"new_agri_in_stock":false,"new_agri_type":"","new_agri_serie":"x","new_agri_make":{"value":"case-ih","label":"Case IH"},"new_agri_model":"","new_agri_year":"","new_agri_price":"","new_agri_price_discount":"","new_agri_price_us":"","new_agri_price_discount_us":"","new_agri_colours":"","new_agri_specs":false,"new_agri_video":"","new_agri_video_360_url":"","new_agri_description":"","new_agri_warranty":"","new_agri_images":false,"new_agri_excel_specs":false,"new_agri_brochure":false,"contact_form_custom_html_id":""},"_links":{"self":[{"href":"https:\/\/www.gauvreauskidoo.com\/fr\/wp-json\/wp\/v2\/pages\/295"}],"collection":[{"href":"https:\/\/www.gauvreauskidoo.com\/fr\/wp-json\/wp\/v2\/pages"}],"about":[{"href":"https:\/\/www.gauvreauskidoo.com\/fr\/wp-json\/wp\/v2\/types\/page"}],"author":[{"embeddable":true,"href":"https:\/\/www.gauvreauskidoo.com\/fr\/wp-json\/wp\/v2\/users\/1"}],"replies":[{"embeddable":true,"href":"https:\/\/www.gauvreauskidoo.com\/fr\/wp-json\/wp\/v2\/comments?post=295"}],"version-history":[{"count":10,"href":"https:\/\/www.gauvreauskidoo.com\/fr\/wp-json\/wp\/v2\/pages\/295\/revisions"}],"predecessor-version":[{"id":30891,"href":"https:\/\/www.gauvreauskidoo.com\/fr\/wp-json\/wp\/v2\/pages\/295\/revisions\/30891"}],"wp:attachment":[{"href":"https:\/\/www.gauvreauskidoo.com\/fr\/wp-json\/wp\/v2\/media?parent=295"}],"curies":[{"name":"wp","href":"https:\/\/api.w.org\/{rel}","templated":true}]}}